{"id":50,"date":"2014-07-28T13:03:32","date_gmt":"2014-07-28T11:03:32","guid":{"rendered":"http:\/\/sicominformatica.rossoxweb.com\/sicomwp\/?page_id=50"},"modified":"2016-02-01T15:13:34","modified_gmt":"2016-02-01T14:13:34","slug":"risorse","status":"publish","type":"page","link":"http:\/\/www.sicominformatica.it\/sicomwp\/azienda\/risorse\/","title":{"rendered":"Risorse"},"content":{"rendered":"<h3><img loading=\"lazy\" class=\"aligncenter wp-image-88 size-full\" src=\"http:\/\/www.sicominformatica.it\/sicomwp\/wp-content\/uploads\/2014\/07\/risorse.jpg\" alt=\"risorse\" width=\"660\" height=\"300\" srcset=\"http:\/\/www.sicominformatica.it\/sicomwp\/wp-content\/uploads\/2014\/07\/risorse.jpg 660w, http:\/\/www.sicominformatica.it\/sicomwp\/wp-content\/uploads\/2014\/07\/risorse-300x136.jpg 300w\" sizes=\"(max-width: 660px) 100vw, 660px\" \/><\/h3>\n<h3>Classificazione personale Sicom S.r.l.<\/h3>\n<ul>\n<li>Sistemista<\/li>\n<li>Analista<\/li>\n<li>Tecnico\/Funzionale<\/li>\n<li>Analista Programmatore<\/li>\n<li>Programmatore<\/li>\n<\/ul>\n<h3>Staff in-line<\/h3>\n<p>Che opera con continuit\u00e0 presso il cliente; si prende carico della manutenzione ordinaria, della continuit\u00e0 del servizio, dei test e dell&#8217;help-desk<\/p>\n<h3>Staff-out-line<\/h3>\n<p>opera prevalentemente da sede (*); svolge attivit\u00e0 di progetto (analisi e sviluppo) inerente alla manutenzione straordinaria; soddisfa alle richieste evolutive e di efficientamento; contribuisce a distanza all&#8217;erogazione del servizio.<\/p>\n<p>(*) SICOM dispone di due sedi operative a Reggio Emilia  in grado di ospitare fino a 60 posti di lavoro<\/p>\n","protected":false},"excerpt":{"rendered":"<p>Classificazione personale Sicom S.r.l. Sistemista Analista Tecnico\/Funzionale Analista Programmatore Programmatore Staff in-line Che opera con continuit\u00e0 presso il cliente; si prende carico della manutenzione ordinaria, della continuit\u00e0 del servizio, dei test e dell&#8217;help-desk Staff-out-line opera prevalentemente da sede (*); svolge attivit\u00e0 di progetto (analisi e sviluppo) inerente alla manutenzione straordinaria; soddisfa alle richieste evolutive e [&hellip;]<\/p>\n","protected":false},"author":1,"featured_media":0,"parent":15,"menu_order":4,"comment_status":"closed","ping_status":"closed","template":"","meta":[],"yoast_head":"<!-- This site is optimized with the Yoast SEO plugin v15.5 - https:\/\/yoast.com\/wordpress\/plugins\/seo\/ -->\n<title>Risorse - Sicom Informatica S.r.l.<\/title>\n<meta name=\"robots\" content=\"index, follow, max-snippet:-1, max-image-preview:large, max-video-preview:-1\" \/>\n<link rel=\"canonical\" href=\"http:\/\/www.sicominformatica.it\/sicomwp\/azienda\/risorse\/\" \/>\n<meta property=\"og:locale\" content=\"it_IT\" \/>\n<meta property=\"og:type\" content=\"article\" \/>\n<meta property=\"og:title\" content=\"Risorse - Sicom Informatica S.r.l.\" \/>\n<meta property=\"og:description\" content=\"Classificazione personale Sicom S.r.l. Sistemista Analista Tecnico\/Funzionale Analista Programmatore Programmatore Staff in-line Che opera con continuit\u00e0 presso il cliente; si prende carico della manutenzione ordinaria, della continuit\u00e0 del servizio, dei test e dell&#8217;help-desk Staff-out-line opera prevalentemente da sede (*); svolge attivit\u00e0 di progetto (analisi e sviluppo) inerente alla manutenzione straordinaria; soddisfa alle richieste evolutive e [&hellip;]\" \/>\n<meta property=\"og:url\" content=\"http:\/\/www.sicominformatica.it\/sicomwp\/azienda\/risorse\/\" \/>\n<meta property=\"og:site_name\" content=\"Sicom Informatica S.r.l.\" \/>\n<meta property=\"article:modified_time\" content=\"2016-02-01T14:13:34+00:00\" \/>\n<meta property=\"og:image\" content=\"http:\/\/www.sicominformatica.it\/sicomwp\/wp-content\/uploads\/2014\/07\/risorse.jpg\" \/>\n<meta name=\"twitter:label1\" content=\"Tempo di lettura stimato\">\n\t<meta name=\"twitter:data1\" content=\"0 minuti\">\n<script type=\"application\/ld+json\" class=\"yoast-schema-graph\">{\"@context\":\"https:\/\/schema.org\",\"@graph\":[{\"@type\":\"Organization\",\"@id\":\"http:\/\/www.sicominformatica.it\/sicomwp\/#organization\",\"name\":\"Sicom Informatica S.r.l.\",\"url\":\"http:\/\/www.sicominformatica.it\/sicomwp\/\",\"sameAs\":[],\"logo\":{\"@type\":\"ImageObject\",\"@id\":\"http:\/\/www.sicominformatica.it\/sicomwp\/#logo\",\"inLanguage\":\"it-IT\",\"url\":\"http:\/\/www.sicominformatica.it\/sicomwp\/wp-content\/uploads\/2014\/07\/sicom-trasparente-e1407851073473.png\",\"width\":670,\"height\":196,\"caption\":\"Sicom Informatica S.r.l.\"},\"image\":{\"@id\":\"http:\/\/www.sicominformatica.it\/sicomwp\/#logo\"}},{\"@type\":\"WebSite\",\"@id\":\"http:\/\/www.sicominformatica.it\/sicomwp\/#website\",\"url\":\"http:\/\/www.sicominformatica.it\/sicomwp\/\",\"name\":\"Sicom Informatica S.r.l.\",\"description\":\"Banking Application Service\",\"publisher\":{\"@id\":\"http:\/\/www.sicominformatica.it\/sicomwp\/#organization\"},\"potentialAction\":[{\"@type\":\"SearchAction\",\"target\":\"http:\/\/www.sicominformatica.it\/sicomwp\/?s={search_term_string}\",\"query-input\":\"required name=search_term_string\"}],\"inLanguage\":\"it-IT\"},{\"@type\":\"ImageObject\",\"@id\":\"http:\/\/www.sicominformatica.it\/sicomwp\/azienda\/risorse\/#primaryimage\",\"inLanguage\":\"it-IT\",\"url\":\"http:\/\/www.sicominformatica.it\/sicomwp\/wp-content\/uploads\/2014\/07\/risorse.jpg\",\"width\":660,\"height\":300},{\"@type\":\"WebPage\",\"@id\":\"http:\/\/www.sicominformatica.it\/sicomwp\/azienda\/risorse\/#webpage\",\"url\":\"http:\/\/www.sicominformatica.it\/sicomwp\/azienda\/risorse\/\",\"name\":\"Risorse - Sicom Informatica S.r.l.\",\"isPartOf\":{\"@id\":\"http:\/\/www.sicominformatica.it\/sicomwp\/#website\"},\"primaryImageOfPage\":{\"@id\":\"http:\/\/www.sicominformatica.it\/sicomwp\/azienda\/risorse\/#primaryimage\"},\"datePublished\":\"2014-07-28T11:03:32+00:00\",\"dateModified\":\"2016-02-01T14:13:34+00:00\",\"inLanguage\":\"it-IT\",\"potentialAction\":[{\"@type\":\"ReadAction\",\"target\":[\"http:\/\/www.sicominformatica.it\/sicomwp\/azienda\/risorse\/\"]}]}]}<\/script>\n<!-- \/ Yoast SEO plugin. -->","_links":{"self":[{"href":"http:\/\/www.sicominformatica.it\/sicomwp\/wp-json\/wp\/v2\/pages\/50"}],"collection":[{"href":"http:\/\/www.sicominformatica.it\/sicomwp\/wp-json\/wp\/v2\/pages"}],"about":[{"href":"http:\/\/www.sicominformatica.it\/sicomwp\/wp-json\/wp\/v2\/types\/page"}],"author":[{"embeddable":true,"href":"http:\/\/www.sicominformatica.it\/sicomwp\/wp-json\/wp\/v2\/users\/1"}],"replies":[{"embeddable":true,"href":"http:\/\/www.sicominformatica.it\/sicomwp\/wp-json\/wp\/v2\/comments?post=50"}],"version-history":[{"count":6,"href":"http:\/\/www.sicominformatica.it\/sicomwp\/wp-json\/wp\/v2\/pages\/50\/revisions"}],"predecessor-version":[{"id":253,"href":"http:\/\/www.sicominformatica.it\/sicomwp\/wp-json\/wp\/v2\/pages\/50\/revisions\/253"}],"up":[{"embeddable":true,"href":"http:\/\/www.sicominformatica.it\/sicomwp\/wp-json\/wp\/v2\/pages\/15"}],"wp:attachment":[{"href":"http:\/\/www.sicominformatica.it\/sicomwp\/wp-json\/wp\/v2\/media?parent=50"}],"curies":[{"name":"wp","href":"https:\/\/api.w.org\/{rel}","templated":true}]}}