{"id":307,"date":"2020-12-16T10:40:22","date_gmt":"2020-12-16T09:40:22","guid":{"rendered":"http:\/\/www.sicominformatica.it\/sicomwp\/?page_id=307"},"modified":"2020-12-22T15:41:59","modified_gmt":"2020-12-22T14:41:59","slug":"privacy","status":"publish","type":"page","link":"http:\/\/www.sicominformatica.it\/sicomwp\/privacy\/","title":{"rendered":"Privacy"},"content":{"rendered":"\n<p><strong>POLICY COOKIES<\/strong><\/p>\n<p><strong><em>CHE COSA SONO I COOKIE<\/em><\/strong><\/p>\n<p>Un cookie \u00e8 un file di testo che viene memorizzato sul computer o sul dispositivo mobile (smartphone o tablet) dell&#8217;utente, dal server di un sito web a cui l&#8217;utente accede e che pu\u00f2 essere letto o recuperato dal server che lo ha installato in occasione di successive visite al sito medesimo. Il cookie contiene alcune informazioni (es. il server da cui proviene, un identificatore numerico, la scadenza del cookie, ecc.) e permette al sito web che lo ha installato di ricordare, ad esempio, le preferenze espresse dall&#8217;utente durante la navigazione o un acquisto, eseguire autenticazioni per accedere ad aree riservate ovvero per il monitoraggio di sessioni.<\/p>\n<p>Nel corso della navigazione, l&#8217;utente pu\u00f2 ricevere sul suo terminale anche cookie inviati da siti o da web server diversi (c.d. terze parti), sui quali possono risiedere alcuni elementi (ad es. immagini, mappe, suoni, specifici link a pagine di altri domini) presenti sul sito che l&#8217;utente sta visitando.<\/p>\n<p>Pi\u00f9 in generale, alcuni cookie (definiti cookie di sessione) sono assegnati al dispositivo dell&#8217;utente soltanto per la durata dell&#8217;accesso al sito e scadono automaticamente alla chiusura del browser. Altri cookie (definiti persistenti) restano nel dispositivo per un periodo di tempo prolungato.<\/p>\n<p><strong><em>UTILIZZO DI COOKIE<\/em><\/strong><\/p>\n<p>I cookie sono file di testo che vengono depositati sui computer degli utenti web per consentire l\u2019esplorazione sicura ed efficiente del sito e monitorarne l\u2019utilizzo. Il presente sito web utilizza due tipi di cookie tecnici: cookie di sessione per l\u2019autenticazione (servizi on line) e cookie di monitoraggio\/profilazione statistica (Google Analytics).<\/p>\n<p>Come definito al paragrafo precedente i cookie sono file di testo che vengono depositati sui computer degli utenti web per consentire l\u2019esplorazione sicura ed efficiente del sito e monitorarne l\u2019utilizzo.\u00a0<\/p>\n<p>Il presente <a href=\"http:\/\/www.sicominformatica.it\">http:\/\/www.sicominformatica.it<\/a> NON utilizza cookie di profilazione volti a creare profili relativi all&#8217;utente utilizzati poi fine di inviare messaggi pubblicitari in linea con le preferenze manifestate dallo stesso nell&#8217;ambito della navigazione in rete.<\/p>\n<p>Il presente <u><a href=\"http:\/\/www.sicominformatica.it\">http:\/\/www.sicominformatica.it<\/a><\/u> utilizza cookie di terze parti, per poter fornire ulteriori servizi e funzionalit\u00e0 ai visitatori e per migliorare l\u2019uso del sito stesso, come i pulsanti per i social. La presente privacy policy non si applica ai servizi forniti da terze parti e questo sito non ha alcun controllo sui loro cookie, interamente gestiti dalle terze parti. Il contratto di cessione dati avviene direttamente tra l\u2019utente\/visitatore e le terze parti, per cui l\u2019acquisizione del consenso per detti cookie \u00e8 a carico delle terze parti, mentre questo sito non partecipa in alcun modo a tale cessione. In conseguenza di ci\u00f2 le informazioni sull\u2019uso dei detti cookies e sulle finalit\u00e0 degli stessi, nonch\u00e9 sulle modalit\u00e0 per l\u2019eventuale disabilitazione, sono fornite direttamente dalle terze parti alle pagine di seguito indicate.<\/p>\n<p><strong>Cookie Tecnici di sessione<\/strong> (indispensabili per l\u2019utilizzo dei servizi on line). Il sito <a href=\"http:\/\/www.sicominformatica.it\">http:\/\/www.sicominformatica.it<\/a> utilizza cookie http di sessione per gestire l\u2019autenticazione ai servizi on-line. L\u2019uso di cookie di sessione (che non vengono memorizzati in modo persistente sul computer dell\u2019utente e si eliminano con la chiusura del browser) \u00e8 strettamente limitato alla trasmissione di identificativi di sessione (costituiti da numeri casuali generati dal server) necessari per consentire l\u2019esplorazione sicura ed efficiente del sito. La disabilitazione di questi cookie non consente l\u2019utilizzo dei servizi on line.<\/p>\n<p><strong>Cookie Tecnici di monitoraggio\/profilazione statistica<\/strong> (Google Analytics). I cookie di monitoraggio possono essere disabilitati senza nessuna conseguenza sulla navigazione del portale: per disabilitarli si veda la sezione successiva.<\/p>\n<p>Il Titolare si avvale del servizio Google Analytics della societ\u00e0 Google, Inc. (di seguito &#8220;Google&#8221;) per la generazione di statistiche sull&#8217;utilizzo del portale web.<\/p>\n<p>Google Analytics utilizza cookie (non di terze parti) che non memorizzano dati personali. Le informazioni ricavabili dai cookie sull\u2019utilizzo del sito web da parte degli utenti (compresi gli indirizzi IP) verranno trasmesse dal browser dell\u2019utente a Google, con sede a 1600 Amphitheatre Parkway, Mountain View, CA 94043, Stati Uniti, e depositate presso i server della societ\u00e0 stessa.<\/p>\n<p>Secondo i termini di servizio in essere, Google utilizzer\u00e0 queste informazioni, in qualit\u00e0 di Titolare autonomo del trattamento, allo scopo di tracciare e esaminare l\u2019utilizzo del sito web, compilare report sulle attivit\u00e0 del sito ad uso degli operatori del sito stesso e fornire altri servizi relativi alle attivit\u00e0 del sito web, alle modalit\u00e0 di connessione (mobile, pc, browser utilizzato ecc.) e alle modalit\u00e0 di ricerca e raggiungimento delle pagine del portale. Google pu\u00f2 anche trasferire queste informazioni a terzi ove ci\u00f2 sia imposto dalla legge o laddove tali terzi trattino le suddette informazioni per conto di Google. Google non assocer\u00e0 gli indirizzi IP a nessun altro dato posseduto da Google.<\/p>\n<p>Per consultare l&#8217;informativa privacy della societ\u00e0 Google, relativa al servizio Google Analytics, si prega di visitare il sito Internet <a href=\"http:\/\/www.google.com\/intl\/en\/analytics\/privacyoverview.html\">http:\/\/www.google.com\/intl\/en\/analytics\/privacyoverview.html<\/a><\/p>\n<p>Per conoscere le norme sulla privacy di Google, si invita a vistare il sito Internet https:\/\/policies.google.com\/privacy?hl=it.<\/p>\n<p>Utilizzando il sito web del Titolare si acconsente al trattamento dei propri dati da parte di Google per le modalit\u00e0 e i fini sopra indicati.<\/p>\n<p><strong>Come disabilitare i cookie (opt-out)<\/strong>. \u00c8 possibile negare il consenso all\u2019utilizzo dei cookie selezionando l&#8217;impostazione appropriata sul proprio browser: la navigazione non autenticata sul portale del Titolare sar\u00e0 comunque disponibile in tutte le sue funzionalit\u00e0. Di seguito forniamo i link che spiegano come disabilitare i cookie per i browser pi\u00f9 diffusi (per altri browser eventualmente utilizzati, suggeriamo di cercare questa opzione nell\u2019help del software normalmente disponibile attraverso il tasto F1):<\/p>\n<ul>\n<li>Internet Explorer: <a href=\"https:\/\/support.microsoft.com\/it-it\/help\/17442\/windows-internet-explorer-delete-manage-cookies\">https:\/\/support.microsoft.com\/it-it\/help\/17442\/windows-internet-explorer-delete-manage-cookies<\/a><\/li>\n<li>Google Chrome: <a href=\"https:\/\/support.google.com\/chrome\/answer\/95647?hl=it-IT&amp;p=cpn_cookies\">https:\/\/support.google.com\/chrome\/answer\/95647?hl=it-IT&amp;p=cpn_cookies<\/a><\/li>\n<li>Mozilla Firefox:<\/li>\n<\/ul>\n<p><u><a href=\"https:\/\/support.mozilla.org\/it\/kb\/Bloccare%20i%20cookie?redirectlocale=en-US&amp;redirectslug=Blocking+cookies\">https:\/\/support.mozilla.org\/it\/kb\/Bloccare%20i%20cookie?redirectlocale=en-US&amp;redirectslug=Blocking+cookies<\/a><\/u><\/p>\n<ul>\n<li>Apple Safari: <a href=\"https:\/\/www.apple.com\/legal\/privacy\/it\/cookies\/\">https:\/\/www.apple.com\/legal\/privacy\/it\/cookies\/<\/a><\/li>\n<\/ul>\n<p>In alternativa \u00e8 possibile disabilitare soltanto i cookie di Google Analytics, utilizzando il componente aggiuntivo di opt-out fornito da Google per i browser principali. In questo modo sar\u00e0 possibile utilizzare anche i servizi on-line del Titolare.<\/p>\n<p><strong>Hosting ed infrastruttura backend. <\/strong>Questo tipo di servizi ha la funzione di ospitare dati e file che permettono a questa Applicazione di funzionare, ne consentono la distribuzione e mettono a disposizione un&#8217;infrastruttura pronta all&#8217;uso per erogare specifiche funzionalit\u00e0 di questa applicazione. Alcuni di questi servizi funzionano attraverso server dislocati geograficamente in luoghi differenti, rendendo difficile la determinazione del luogo esatto in cui vengono conservati i Dati Personali.<\/p>\n<p>Il sito <a href=\"http:\/\/www.bottoli.com\">http:\/\/www.sicominformatica.it<\/a> \u00e8 attivato sul servizio di hosting fornito da terzo fornitore nominato Responsabile del trattamento.<\/p>\n<p><strong><em>COME DISABILITARE I COOKIE MEDIANTE CONFIGURAZIONE DEI PRINCIPALI BROWSER NELLO SPECIFICO<\/em><\/strong><\/p>\n<p><strong>Chrome<\/strong><\/p>\n<p>Eseguire il Browser Chrome.<\/p>\n<p>Fare click sul men\u00f9 presente nella barra degli strumenti del browser a fianco della finestra di inserimento url per la navigazione.<\/p>\n<p>Selezionare Impostazioni.<\/p>\n<p>Fare clic su Mostra Impostazioni Avanzate.<\/p>\n<p>Nella sezione \u201cPrivacy\u201d fare clic su bottone \u201cImpostazioni contenuti \u201c.<\/p>\n<ol>\n<li>Nella sezione \u201cCookie\u201d \u00e8 possibile modificare le seguenti impostazioni relative ai cookie:<\/li>\n<li>Consentire il salvataggio dei dati in locale;<\/li>\n<li>Modificare i dati locali solo fino alla chiusura del browser;<\/li>\n<li>Impedire ai siti di impostare i cookie;<\/li>\n<li>Bloccare i cookie di terze parti e i dati dei siti;<\/li>\n<li>Gestire le eccezioni per alcuni siti internet;<\/li>\n<li>Eliminazione di uno o tutti i cookie.<\/li>\n<\/ol>\n<p><strong>Mozilla Firefox<\/strong><\/p>\n<p>Eseguire il Browser Mozilla Firefox.<\/p>\n<p>Fare click sul men\u00f9 presente nella barra degli strumenti del browser a fianco della finestra di inserimento url per la navigazione.<\/p>\n<p>Selezionare Opzioni.<\/p>\n<p>Seleziona il pannello Privacy.<\/p>\n<p>Fare clic su Mostra Impostazioni Avanzate.<\/p>\n<p>Nella sezione \u201cPrivacy\u201d fare clic su bottone \u201cImpostazioni contenuti \u201c.<\/p>\n<p>Nella sezione \u201cTracciamento\u201d \u00e8 possibile modificare le seguenti impostazioni relative ai cookie:<\/p>\n<ol>\n<li>Richiedi ai siti di non effettuare alcun tracciamento;<\/li>\n<li>Comunica ai siti la disponibilit\u00e0 ad essere tracciato;<\/li>\n<li>Non comunicare alcuna preferenza relativa al tracciamento dei dati personali.<\/li>\n<\/ol>\n<p>Dalla sezione \u201cCronologia\u201d \u00e8 possibile:<\/p>\n<ol>\n<li>Abilitando \u201cUtilizza impostazioni personalizzate\u201d selezionare di accettare i cookie di terze parti (sempre, dai siti pi\u00f9 visitato o mai) e di conservarli per un periodo determinato (fino alla loro scadenza, alla chiusura di Firefox o di chiedere ogni volta;<\/li>\n<li>Rimuovere i singoli cookie immagazzinati.<\/li>\n<\/ol>\n<p><strong>Internet Explorer<\/strong><\/p>\n<p>Eseguire il Browser Internet Explorer.<\/p>\n<p>Fare click sul pulsante Strumenti e scegliere Opzioni Internet.<\/p>\n<p>Fare click sulla scheda Privacy e nella sezione Impostazioni modificare il dispositivo di scorrimento in funzione dell&#8217;azione desiderata per i cookie:<\/p>\n<ol>\n<li>Bloccare tutti i cookie;<\/li>\n<li>Consentire tutti i cookie;<\/li>\n<li>Selezione dei siti da cui ottenere cookie: spostare il cursore in una posizione intermedia in modo da non bloccare o consentire tutti i cookie, premere quindi su Siti, nella casella Indirizzo Sito Web inserire un sito internet e quindi premere su Blocca o Consenti.<\/li>\n<\/ol>\n<p><strong>Safari<\/strong><\/p>\n<p>Eseguire il Browser Safari<\/p>\n<p>Fare click su Safari, selezionare Preferenze e premere su Privacy.<\/p>\n<p>Nella sezione Blocca Cookie specificare come Safari deve accettare i cookie dai siti internet.<\/p>\n<p>Per visionare quali siti hanno immagazzinato i cookie cliccare su Dettagli.<\/p>\n<p><strong>Safari iOS (dispositivi mobile)<\/strong><\/p>\n<p>Eseguire il Browser Safari iOS.<\/p>\n<p>Tocca su Impostazioni e poi Safari.<\/p>\n<p>Tocca su Blocca Cookie e scegli tra le varie opzioni: \u201cMai\u201d, \u201cDi terze parti e inserzionisti\u201d o \u201cSempre\u201d.<\/p>\n<p>Per cancellare tutti i cookie immagazzinati da Safari, tocca su Impostazioni, poi su Safari e infine su Cancella Cookie e dati.<\/p>\n<p><strong>Opera<\/strong><\/p>\n<p>Eseguire il Browser Opera.<\/p>\n<p>Fare click sul Preferenze poi su Avanzate e infine su Cookie.<\/p>\n<p>Selezionare una delle seguenti opzioni:<\/p>\n<ol>\n<li>Accetta tutti i cookie;<\/li>\n<li>Accetta i cookie solo dal sito che si visita: i cookie di terze parti e che vengono inviati da un dominio diverso da quello che si sta visitando verranno rifiutati;<\/li>\n<li>Non accettare mai i cookie: tutti i cookie non verranno mai salvati.<\/li>\n<\/ol>\n<p><strong><em>AGGIORNAMENTI<\/em><\/strong><\/p>\n<p>La Privacy Policy di questo sito \u00e8 soggetta ad aggiornamenti; gli utenti sono pertanto invitati a verificarne periodicamente il contenuto.<\/p>\n<p>\u00a0<\/p>\n<p>\u00a0<\/p>\n","protected":false},"excerpt":{"rendered":"<p>POLICY COOKIES CHE COSA SONO I COOKIE Un cookie \u00e8 un file di testo che viene memorizzato sul computer o sul dispositivo mobile (smartphone o tablet) dell&#8217;utente, dal server di un sito web a cui l&#8217;utente accede e che pu\u00f2 essere letto o recuperato dal server che lo ha installato in occasione di successive visite [&hellip;]<\/p>\n","protected":false},"author":1,"featured_media":0,"parent":0,"menu_order":0,"comment_status":"closed","ping_status":"closed","template":"","meta":[],"yoast_head":"<!-- This site is optimized with the Yoast SEO plugin v15.5 - https:\/\/yoast.com\/wordpress\/plugins\/seo\/ -->\n<title>Privacy - Sicom Informatica S.r.l.<\/title>\n<meta name=\"robots\" content=\"index, follow, max-snippet:-1, max-image-preview:large, max-video-preview:-1\" \/>\n<link rel=\"canonical\" href=\"http:\/\/www.sicominformatica.it\/sicomwp\/privacy\/\" \/>\n<meta property=\"og:locale\" content=\"it_IT\" \/>\n<meta property=\"og:type\" content=\"article\" \/>\n<meta property=\"og:title\" content=\"Privacy - Sicom Informatica S.r.l.\" \/>\n<meta property=\"og:description\" content=\"POLICY COOKIES CHE COSA SONO I COOKIE Un cookie \u00e8 un file di testo che viene memorizzato sul computer o sul dispositivo mobile (smartphone o tablet) dell&#8217;utente, dal server di un sito web a cui l&#8217;utente accede e che pu\u00f2 essere letto o recuperato dal server che lo ha installato in occasione di successive visite [&hellip;]\" \/>\n<meta property=\"og:url\" content=\"http:\/\/www.sicominformatica.it\/sicomwp\/privacy\/\" \/>\n<meta property=\"og:site_name\" content=\"Sicom Informatica S.r.l.\" \/>\n<meta property=\"article:modified_time\" content=\"2020-12-22T14:41:59+00:00\" \/>\n<meta name=\"twitter:label1\" content=\"Tempo di lettura stimato\">\n\t<meta name=\"twitter:data1\" content=\"6 minuti\">\n<script type=\"application\/ld+json\" class=\"yoast-schema-graph\">{\"@context\":\"https:\/\/schema.org\",\"@graph\":[{\"@type\":\"Organization\",\"@id\":\"https:\/\/www.sicominformatica.it\/sicomwp\/#organization\",\"name\":\"Sicom Informatica S.r.l.\",\"url\":\"https:\/\/www.sicominformatica.it\/sicomwp\/\",\"sameAs\":[],\"logo\":{\"@type\":\"ImageObject\",\"@id\":\"https:\/\/www.sicominformatica.it\/sicomwp\/#logo\",\"inLanguage\":\"it-IT\",\"url\":\"http:\/\/www.sicominformatica.it\/sicomwp\/wp-content\/uploads\/2014\/07\/sicom-trasparente-e1407851073473.png\",\"width\":670,\"height\":196,\"caption\":\"Sicom Informatica S.r.l.\"},\"image\":{\"@id\":\"https:\/\/www.sicominformatica.it\/sicomwp\/#logo\"}},{\"@type\":\"WebSite\",\"@id\":\"https:\/\/www.sicominformatica.it\/sicomwp\/#website\",\"url\":\"https:\/\/www.sicominformatica.it\/sicomwp\/\",\"name\":\"Sicom Informatica S.r.l.\",\"description\":\"Banking Application Service\",\"publisher\":{\"@id\":\"https:\/\/www.sicominformatica.it\/sicomwp\/#organization\"},\"potentialAction\":[{\"@type\":\"SearchAction\",\"target\":\"https:\/\/www.sicominformatica.it\/sicomwp\/?s={search_term_string}\",\"query-input\":\"required name=search_term_string\"}],\"inLanguage\":\"it-IT\"},{\"@type\":\"WebPage\",\"@id\":\"http:\/\/www.sicominformatica.it\/sicomwp\/privacy\/#webpage\",\"url\":\"http:\/\/www.sicominformatica.it\/sicomwp\/privacy\/\",\"name\":\"Privacy - Sicom Informatica S.r.l.\",\"isPartOf\":{\"@id\":\"https:\/\/www.sicominformatica.it\/sicomwp\/#website\"},\"datePublished\":\"2020-12-16T09:40:22+00:00\",\"dateModified\":\"2020-12-22T14:41:59+00:00\",\"inLanguage\":\"it-IT\",\"potentialAction\":[{\"@type\":\"ReadAction\",\"target\":[\"http:\/\/www.sicominformatica.it\/sicomwp\/privacy\/\"]}]}]}<\/script>\n<!-- \/ Yoast SEO plugin. -->","_links":{"self":[{"href":"http:\/\/www.sicominformatica.it\/sicomwp\/wp-json\/wp\/v2\/pages\/307"}],"collection":[{"href":"http:\/\/www.sicominformatica.it\/sicomwp\/wp-json\/wp\/v2\/pages"}],"about":[{"href":"http:\/\/www.sicominformatica.it\/sicomwp\/wp-json\/wp\/v2\/types\/page"}],"author":[{"embeddable":true,"href":"http:\/\/www.sicominformatica.it\/sicomwp\/wp-json\/wp\/v2\/users\/1"}],"replies":[{"embeddable":true,"href":"http:\/\/www.sicominformatica.it\/sicomwp\/wp-json\/wp\/v2\/comments?post=307"}],"version-history":[{"count":6,"href":"http:\/\/www.sicominformatica.it\/sicomwp\/wp-json\/wp\/v2\/pages\/307\/revisions"}],"predecessor-version":[{"id":315,"href":"http:\/\/www.sicominformatica.it\/sicomwp\/wp-json\/wp\/v2\/pages\/307\/revisions\/315"}],"wp:attachment":[{"href":"http:\/\/www.sicominformatica.it\/sicomwp\/wp-json\/wp\/v2\/media?parent=307"}],"curies":[{"name":"wp","href":"https:\/\/api.w.org\/{rel}","templated":true}]}}